{"id":8,"date":"2026-03-08T08:55:53","date_gmt":"2026-03-08T08:55:53","guid":{"rendered":"https:\/\/tnvfood.com\/?page_id=8"},"modified":"2026-04-10T02:17:58","modified_gmt":"2026-04-10T02:17:58","slug":"home","status":"publish","type":"page","link":"https:\/\/tnvfood.com\/en\/","title":{"rendered":"Home"},"content":{"rendered":"<h1 class=\"wp-block-heading\">Gi\u1ea3i Ph\u00e1p B\u1ed9t Rau S\u1ea5y L\u1ea1nh Nguy\u00ean Ch\u1ea5t Cho Doanh Nghi\u1ec7p<\/h1>\n\n\n\n<p>S\u1ea3n xu\u1ea5t OEM \u2013 Horeca \u2013 Xu\u1ea5t kh\u1ea9u<br>Kh\u00f4ng ph\u1ee5 gia \u2013 \u0110\u1ea1t chu\u1ea9n FDA &amp; HACCP<\/p>\n\n\n\n<h2 class=\"wp-block-heading\">S\u1ea3n ph\u1ea9m ch\u00ednh c\u1ee7a ch\u00fang t\u00f4i<\/h2>\n\n\n\n<div class=\"wp-block-columns is-layout-flex wp-container-core-columns-is-layout-28f84493 wp-block-columns-is-layout-flex\">\n<div class=\"wp-block-column is-layout-flow wp-block-column-is-layout-flow\">\n\n\n<h2 class=\"wp-block-heading\">B\u1ed9t rau m\u00e1<\/h2>\n<\/div>\n\n\n\n<div class=\"wp-block-column is-layout-flow wp-block-column-is-layout-flow\">\n\n\n<h2 class=\"wp-block-heading\">B\u1ed9t di\u1ebfp c\u00e1<\/h2>\n<\/div>\n\n\n\n<div class=\"wp-block-column is-layout-flow wp-block-column-is-layout-flow\">\n\n\n<h2 class=\"wp-block-heading\">B\u1ed9t t\u00eda t\u00f4<\/h2>\n<\/div>\n<\/div>\n\n\n\n<h2 class=\"wp-block-heading\">T\u1ea1i sao ch\u1ecdn TNV Food<\/h2>\n\n\n\n<div class=\"wp-block-columns is-layout-flex wp-container-core-columns-is-layout-28f84493 wp-block-columns-is-layout-flex\">\n<div class=\"wp-block-column is-layout-flow wp-block-column-is-layout-flow\">\n<h3 class=\"wp-block-heading\"><strong><strong>100% nguy\u00ean ch\u1ea5t<\/strong><br>Kh\u00f4ng ph\u1ee5 gia<\/strong><\/h3>\n<\/div>\n\n\n\n<div class=\"wp-block-column is-layout-flow wp-block-column-is-layout-flow\">\n<h3 class=\"wp-block-heading\"><strong>C\u00f4ng ngh\u1ec7 s\u1ea5y l\u1ea1nh<\/strong><br>Gi\u1eef dinh d\u01b0\u1ee1ng t\u1ed1i \u0111a<\/h3>\n<\/div>\n\n\n\n<div class=\"wp-block-column is-layout-flow wp-block-column-is-layout-flow\">\n<h3 class=\"wp-block-heading\"><strong>Chu\u1ea9n xu\u1ea5t kh\u1ea9u<\/strong><br>FDA &amp; HACCP<\/h3>\n<\/div>\n\n\n\n<div class=\"wp-block-column is-layout-flow wp-block-column-is-layout-flow\">\n<h3 class=\"wp-block-heading\"><strong>OEM theo y\u00eau c\u1ea7u<\/strong><br>Cho doanh nghi\u1ec7p<\/h3>\n<\/div>\n<\/div>\n\n\n\n<div class=\"wp-block-buttons alignwide is-content-justification-center is-layout-flex wp-container-core-buttons-is-layout-a89b3969 wp-block-buttons-is-layout-flex\">\n<div class=\"wp-block-button has-custom-width wp-block-button__width-50 is-style-fill\"><a class=\"wp-block-button__link has-luminous-vivid-orange-background-color has-background has-large-font-size has-text-align-center has-custom-font-size wp-element-button\">\ud83d\ude80 <strong>Nh\u1eadn t\u01b0 v\u1ea5n &amp; b\u00e1o gi\u00e1 ngay<\/strong><\/a><\/div>\n<\/div>\n\n\n\n<p class=\"has-text-align-center\"><strong>\ud83d\udcde Zalo: 0867 319 968 \u2013 ph\u1ea3n h\u1ed3i trong 5 ph\u00fat<br>\u2714 T\u01b0 v\u1ea5n mi\u1ec5n ph\u00ed \u2013 Kh\u00f4ng ph\u00e1t sinh chi ph\u00ed<\/strong><\/p>","protected":false},"excerpt":{"rendered":"<p>Gi\u1ea3i Ph\u00e1p B\u1ed9t Rau S\u1ea5y L\u1ea1nh Nguy\u00ean Ch\u1ea5t Cho Doanh Nghi\u1ec7p S\u1ea3n xu\u1ea5t OEM \u2013 Horeca \u2013 Xu\u1ea5t kh\u1ea9uKh\u00f4ng ph\u1ee5 [&hellip;]<\/p>\n","protected":false},"author":1,"featured_media":0,"parent":0,"menu_order":0,"comment_status":"closed","ping_status":"closed","template":"","meta":{"site-sidebar-layout":"default","site-content-layout":"","ast-site-content-layout":"default","site-content-style":"default","site-sidebar-style":"default","ast-global-header-display":"","ast-banner-title-visibility":"","ast-main-header-display":"","ast-hfb-above-header-display":"","ast-hfb-below-header-display":"","ast-hfb-mobile-header-display":"","site-post-title":"","ast-breadcrumbs-content":"","ast-featured-img":"","footer-sml-layout":"","ast-disable-related-posts":"","theme-transparent-header-meta":"","adv-header-id-meta":"","stick-header-meta":"","header-above-stick-meta":"","header-main-stick-meta":"","header-below-stick-meta":"","astra-migrate-meta-layouts":"default","ast-page-background-enabled":"default","ast-page-background-meta":{"desktop":{"background-color":"var(--ast-global-color-5)","background-image":"","background-repeat":"repeat","background-position":"center center","background-size":"auto","background-attachment":"scroll","background-type":"","background-media":"","overlay-type":"","overlay-color":"","overlay-opacity":"","overlay-gradient":""},"tablet":{"background-color":"","background-image":"","background-repeat":"repeat","background-position":"center center","background-size":"auto","background-attachment":"scroll","background-type":"","background-media":"","overlay-type":"","overlay-color":"","overlay-opacity":"","overlay-gradient":""},"mobile":{"background-color":"","background-image":"","background-repeat":"repeat","background-position":"center center","background-size":"auto","background-attachment":"scroll","background-type":"","background-media":"","overlay-type":"","overlay-color":"","overlay-opacity":"","overlay-gradient":""}},"ast-content-background-meta":{"desktop":{"background-color":"var(--ast-global-color-4)","background-image":"","background-repeat":"repeat","background-position":"center center","background-size":"auto","background-attachment":"scroll","background-type":"","background-media":"","overlay-type":"","overlay-color":"","overlay-opacity":"","overlay-gradient":""},"tablet":{"background-color":"var(--ast-global-color-4)","background-image":"","background-repeat":"repeat","background-position":"center center","background-size":"auto","background-attachment":"scroll","background-type":"","background-media":"","overlay-type":"","overlay-color":"","overlay-opacity":"","overlay-gradient":""},"mobile":{"background-color":"var(--ast-global-color-4)","background-image":"","background-repeat":"repeat","background-position":"center center","background-size":"auto","background-attachment":"scroll","background-type":"","background-media":"","overlay-type":"","overlay-color":"","overlay-opacity":"","overlay-gradient":""}},"footnotes":""},"class_list":["post-8","page","type-page","status-publish","hentry"],"_hostinger_reach_plugin_has_subscription_block":false,"_hostinger_reach_plugin_is_elementor":false,"_links":{"self":[{"href":"https:\/\/tnvfood.com\/en\/wp-json\/wp\/v2\/pages\/8","targetHints":{"allow":["GET"]}}],"collection":[{"href":"https:\/\/tnvfood.com\/en\/wp-json\/wp\/v2\/pages"}],"about":[{"href":"https:\/\/tnvfood.com\/en\/wp-json\/wp\/v2\/types\/page"}],"author":[{"embeddable":true,"href":"https:\/\/tnvfood.com\/en\/wp-json\/wp\/v2\/users\/1"}],"replies":[{"embeddable":true,"href":"https:\/\/tnvfood.com\/en\/wp-json\/wp\/v2\/comments?post=8"}],"version-history":[{"count":5,"href":"https:\/\/tnvfood.com\/en\/wp-json\/wp\/v2\/pages\/8\/revisions"}],"predecessor-version":[{"id":48,"href":"https:\/\/tnvfood.com\/en\/wp-json\/wp\/v2\/pages\/8\/revisions\/48"}],"wp:attachment":[{"href":"https:\/\/tnvfood.com\/en\/wp-json\/wp\/v2\/media?parent=8"}],"curies":[{"name":"wp","href":"https:\/\/api.w.org\/{rel}","templated":true}]}}